{"id":2,"date":"2025-03-02T16:51:20","date_gmt":"2025-03-02T16:51:20","guid":{"rendered":"https:\/\/bailletbouin.fr\/?page_id=2"},"modified":"2025-05-13T15:15:36","modified_gmt":"2025-05-13T13:15:36","slug":"avocat-aux-barreaux-de-paris-et-de-new-york","status":"publish","type":"page","link":"https:\/\/bailletbouin.fr\/en\/","title":{"rendered":"Attorney to the Paris and New York Bar"},"content":{"rendered":"<div class=\"vce-row-container\" data-vce-boxed-width=\"true\"><div class=\"vce-row vce-row--col-gap-60 vce-row-equal-height vce-row-content--top\" id=\"el-745910c0\" data-vce-do-apply=\"all el-745910c0\"><div class=\"vce-row-content\" data-vce-element-content=\"true\"><div class=\"vce-col vce-col--xs-100p vce-col--xs-visible vce-col--xs-last vce-col--xs-first vce-col--sm-100p vce-col--sm-visible vce-col--sm-last vce-col--sm-first vce-col--md-100p vce-col--md-visible vce-col--md-last vce-col--md-first vce-col--lg-35p vce-col--lg-visible vce-col--lg-first vce-col--xl-35p vce-col--xl-visible vce-col--xl-first\" id=\"el-b18709e1\"><div class=\"vce-col-inner\" data-vce-do-apply=\"border margin background  el-b18709e1\"><div class=\"vce-col-content\" data-vce-element-content=\"true\" data-vce-do-apply=\"padding el-b18709e1\"><div class=\"vce-text-block\"><div class=\"vce-text-block-wrapper vce\" id=\"el-59098e3e\" data-vce-do-apply=\"all el-59098e3e\"><p>Above all, the law should be based on common sense. It calls for a high level of vision, rigorous mastery of texts and creative agility.<\/p><p>For several decades, the multiplication of texts - often contradictory and abstruse - has distanced the law from its very essence.<\/p><p>Litigants are at a loss, faced with discouraging complexity, and procedures that drag on and become unnecessarily costly.<\/p><\/div><\/div><\/div><\/div><\/div><div class=\"vce-col vce-col--xs-100p vce-col--xs-visible vce-col--xs-last vce-col--xs-first vce-col--sm-100p vce-col--sm-visible vce-col--sm-last vce-col--sm-first vce-col--md-100p vce-col--md-visible vce-col--md-last vce-col--md-first vce-col--lg-65p vce-col--lg-visible vce-col--lg-last vce-col--xl-65p vce-col--xl-visible vce-col--xl-last\" id=\"el-8d1a3da2\"><div class=\"vce-col-inner\" data-vce-do-apply=\"border margin background  el-8d1a3da2\"><div class=\"vce-col-content\" data-vce-element-content=\"true\" data-vce-do-apply=\"padding el-8d1a3da2\"><div class=\"vce-text-block\"><div class=\"vce-text-block-wrapper vce\" id=\"el-54420a89\" data-vce-do-apply=\"all el-54420a89\"><p>That's why I approach each case like the history buff that I am, with the constant concern to compare current texts with fundamental legal concepts, with the aim of:<\/p>\n<ul>\n<li>making a complex case simple and understandable<\/li>\n<li>bringing out the overall meaning with pragmatism<\/li>\n<li>establishing an original and relevant line of defense<\/li>\n<li>building effective and convincing arguments<\/li>\n<\/ul><\/div><\/div><\/div><\/div><\/div><\/div><\/div><\/div><div class=\"vce-row-container\" id=\"apropos\"><div class=\"vce-row vce-element--has-background vce-row--col-gap-30 vce-row-equal-height vce-row-content--top\" data-vce-full-width=\"true\" data-vce-stretch-content=\"true\" id=\"el-013abd16\" data-vce-do-apply=\"all el-013abd16\"><div class=\"vce-content-background-container\"><div class=\"vce-asset-background-simple-container vce-visible-all-only vce-asset-background-simple--style-cover vce-asset-background-simple--position-center-center\"><div class=\"vce-asset-background-simple\">\n              <div class=\"vce-asset-background-simple-item vcv-lozad\" data-background-image=\"https:\/\/bailletbouin.fr\/wp-content\/uploads\/tribunal.jpeg\"><\/div>\n              <noscript>\n                <div class=\"vce-asset-background-simple-item\" style=\"background-image: url(https:\/\/bailletbouin.fr\/wp-content\/uploads\/tribunal.jpeg)\"><\/div>\n              <\/noscript>\n            <\/div><\/div><\/div><div class=\"vce-row-content\" data-vce-element-content=\"true\"><div class=\"vce-col vce-col--md-auto vce-col--xs-1 vce-col--xs-last vce-col--xs-first vce-col--sm-last vce-col--sm-first vce-col--md-last vce-col--lg-last vce-col--xl-last vce-col--md-first vce-col--lg-first vce-col--xl-first\" id=\"el-0c3062ac\"><div class=\"vce-col-inner\" data-vce-do-apply=\"border margin background  el-0c3062ac\"><div class=\"vce-col-content\" data-vce-element-content=\"true\" data-vce-do-apply=\"padding el-0c3062ac\"><div class=\"vcv-row-control-wrapper\"><\/div><\/div><\/div><\/div><\/div><\/div><\/div><div class=\"vce-row-container\" data-vce-boxed-width=\"true\"><div class=\"vce-row vce-row--col-gap-60 vce-row-equal-height vce-row-content--top\" id=\"el-c2554d4e\" data-vce-do-apply=\"all el-c2554d4e\"><div class=\"vce-row-content\" data-vce-element-content=\"true\"><div class=\"vce-col vce-col--xs-100p vce-col--xs-visible vce-col--xs-last vce-col--xs-first vce-col--sm-100p vce-col--sm-visible vce-col--sm-last vce-col--sm-first vce-col--md-100p vce-col--md-visible vce-col--md-last vce-col--md-first vce-col--lg-35p vce-col--lg-visible vce-col--lg-first vce-col--xl-35p vce-col--xl-visible vce-col--xl-first\" id=\"el-422c9d3b\"><div class=\"vce-col-inner\" data-vce-do-apply=\"border margin background  el-422c9d3b\"><div class=\"vce-col-content\" data-vce-element-content=\"true\" data-vce-do-apply=\"padding el-422c9d3b\"><div class=\"vce-single-image-container vce-single-image--align-center\"><div class=\"vce vce-single-image-wrapper\" id=\"el-5fbe3a4f\" data-vce-do-apply=\"all el-5fbe3a4f\"><figure><div class=\"vce-single-image-figure-inner\" style=\"width: 350px;\"><div class=\"vce-single-image-inner vce-single-image--absolute vce-single-image--border-round\" style=\"width: 100%; padding-bottom: 100%;\"><img loading=\"lazy\" decoding=\"async\" class=\"vce-single-image\"  width=\"350\" height=\"350\" srcset=\"https:\/\/bailletbouin.fr\/wp-content\/uploads\/Freedeeric_Baillet_Bouin_V3_001-1000x1000-1-320x320.jpg 320w, https:\/\/bailletbouin.fr\/wp-content\/uploads\/Freedeeric_Baillet_Bouin_V3_001-1000x1000-1-480x480.jpg 480w, https:\/\/bailletbouin.fr\/wp-content\/uploads\/Freedeeric_Baillet_Bouin_V3_001-1000x1000-1-800x800.jpg 800w, https:\/\/bailletbouin.fr\/wp-content\/uploads\/Freedeeric_Baillet_Bouin_V3_001-1000x1000-1-350x350.jpg 350w, https:\/\/bailletbouin.fr\/wp-content\/uploads\/Freedeeric_Baillet_Bouin_V3_001-1000x1000-1-700x700.jpg 2x\" src=\"https:\/\/bailletbouin.fr\/wp-content\/uploads\/Freedeeric_Baillet_Bouin_V3_001-1000x1000-1-350x350.jpg\" data-img-src=\"https:\/\/bailletbouin.fr\/wp-content\/uploads\/Freedeeric_Baillet_Bouin_V3_001-1000x1000-1.jpg\" data-attachment-id=\"35\"  alt=\"\" title=\"Fre\u011bde\u011bric_Baillet_Bouin_V3_001-1000x1000\" \/><\/div><\/div><figcaption hidden=\"\"><\/figcaption><\/figure><\/div><\/div><\/div><\/div><\/div><div class=\"vce-col vce-col--xs-100p vce-col--xs-visible vce-col--xs-last vce-col--xs-first vce-col--sm-100p vce-col--sm-visible vce-col--sm-last vce-col--sm-first vce-col--md-100p vce-col--md-visible vce-col--md-last vce-col--md-first vce-col--lg-65p vce-col--lg-visible vce-col--lg-last vce-col--xl-65p vce-col--xl-visible vce-col--xl-last\" id=\"el-90d634bb\"><div class=\"vce-col-inner\" data-vce-do-apply=\"border margin background  el-90d634bb\"><div class=\"vce-col-content\" data-vce-element-content=\"true\" data-vce-do-apply=\"padding el-90d634bb\"><div class=\"vce-text-block\"><div class=\"vce-text-block-wrapper vce\" id=\"el-35a66722\" data-vce-do-apply=\"all el-35a66722\"><p>Graduated from Paris II Panth\u00e9on-Assas Law School and Cornell Law School (USA), I am a member of the Paris Bar (1998) and New York Bar (2001), and specialize in atypical legal disputes requiring a multidisciplinary approach.<\/p>\n<p>My keen interest in civil procedure enables me to conduct trials using the full range of procedural means at my disposal.<\/p>\n<p>I have chosen to handle each case in person - if necessary, with the help of specialized colleagues - in order to master every detail, to be responsive and to maintain a direct, privileged and trusting relationship with the client.<\/p>\n<p>I understand and master accounting principles. I know how to read a balance sheet and a profit and loss statement, and I advise my clients on the financial impact of their case.<\/p>\n<p>Without restricting myself to a particular legal sector, I work mainly in :<\/p>\n<ul>\n<li><strong>business law;<\/strong><\/li>\n<li><strong>business criminal law;<\/strong><\/li>\n<li><strong>patrimonial law<\/strong><\/li>\n<\/ul><\/div><\/div><\/div><\/div><\/div><div class=\"vce-col vce-col--xs-100p vce-col--xs-visible vce-col--xs-last vce-col--xs-first vce-col--sm-100p vce-col--sm-visible vce-col--sm-last vce-col--sm-first vce-col--md-100p vce-col--md-visible vce-col--md-last vce-col--md-first vce-col--lg-100p vce-col--lg-visible vce-col--lg-last vce-col--lg-first vce-col--xl-100p vce-col--xl-visible vce-col--xl-last vce-col--xl-first\" id=\"el-6682d104\"><div class=\"vce-col-inner\" data-vce-do-apply=\"border margin background  el-6682d104\"><div class=\"vce-col-content\" data-vce-element-content=\"true\" data-vce-do-apply=\"padding el-6682d104\"><div class=\"vce-text-block\"><div class=\"vce-text-block-wrapper vce\" id=\"el-46d13a79\" data-vce-do-apply=\"all el-46d13a79\"><p>My interest in 18th century decorative arts has also given me original experience in art market law, enabling me to assist auction houses, dealers, collectors and experts - with whom I work regularly - in resolving their legal and judicial issues.<\/p>\n<p>Fees are invoiced on a time-spent basis after signature of a fee agreement; they are subject to periodic statements of work, enabling the client to be informed in real time of the progress of the case and to have a clear view of the cost of the procedure.<\/p><\/div><\/div><\/div><\/div><\/div><\/div><\/div><\/div>","protected":false},"excerpt":{"rendered":"<p>Le droit devrait, avant tout, reposer sur le bon sens. Il r\u00e9clame de la hauteur de vue, une ma\u00eetrise rigoureuse des textes et une agilit\u00e9 cr\u00e9ative.Depuis plusieurs d\u00e9cennies, la multiplication de textes \u2013 souvent contradictoires et abscons \u2013 \u00e9loigne le droit de son essence m\u00eame.Les justiciables sont perdus, confront\u00e9s \u00e0 une complexit\u00e9 d\u00e9courageante, \u00e0 des [&hellip;]<\/p>\n","protected":false},"author":1,"featured_media":87,"parent":0,"menu_order":0,"comment_status":"closed","ping_status":"closed","template":"","meta":{"footnotes":""},"class_list":["post-2","page","type-page","status-publish","has-post-thumbnail","hentry"],"_links":{"self":[{"href":"https:\/\/bailletbouin.fr\/en\/wp-json\/wp\/v2\/pages\/2","targetHints":{"allow":["GET"]}}],"collection":[{"href":"https:\/\/bailletbouin.fr\/en\/wp-json\/wp\/v2\/pages"}],"about":[{"href":"https:\/\/bailletbouin.fr\/en\/wp-json\/wp\/v2\/types\/page"}],"author":[{"embeddable":true,"href":"https:\/\/bailletbouin.fr\/en\/wp-json\/wp\/v2\/users\/1"}],"replies":[{"embeddable":true,"href":"https:\/\/bailletbouin.fr\/en\/wp-json\/wp\/v2\/comments?post=2"}],"version-history":[{"count":35,"href":"https:\/\/bailletbouin.fr\/en\/wp-json\/wp\/v2\/pages\/2\/revisions"}],"predecessor-version":[{"id":182,"href":"https:\/\/bailletbouin.fr\/en\/wp-json\/wp\/v2\/pages\/2\/revisions\/182"}],"wp:featuredmedia":[{"embeddable":true,"href":"https:\/\/bailletbouin.fr\/en\/wp-json\/wp\/v2\/media\/87"}],"wp:attachment":[{"href":"https:\/\/bailletbouin.fr\/en\/wp-json\/wp\/v2\/media?parent=2"}],"curies":[{"name":"wp","href":"https:\/\/api.w.org\/{rel}","templated":true}]}}